{"id":95,"date":"2026-04-15T15:58:01","date_gmt":"2026-04-15T13:58:01","guid":{"rendered":"https:\/\/lbm-editions.com\/?page_id=95"},"modified":"2026-04-15T15:58:01","modified_gmt":"2026-04-15T13:58:01","slug":"lauteur","status":"publish","type":"page","link":"https:\/\/lbm-editions.com\/?page_id=95","title":{"rendered":"L\u2019auteur"},"content":{"rendered":"\n<div class=\"wp-block-columns is-layout-flex wp-container-core-columns-is-layout-28f84493 wp-block-columns-is-layout-flex\">\n<div class=\"wp-block-column is-layout-flow wp-block-column-is-layout-flow\" style=\"flex-basis:50%\">\n<figure class=\"wp-block-image size-large\"><img loading=\"lazy\" decoding=\"async\" width=\"765\" height=\"1024\" src=\"https:\/\/lbm-editions.com\/wp-content\/uploads\/Nicolas-1-765x1024.webp\" alt=\"\" class=\"wp-image-97\" srcset=\"https:\/\/lbm-editions.com\/wp-content\/uploads\/Nicolas-1-765x1024.webp 765w, https:\/\/lbm-editions.com\/wp-content\/uploads\/Nicolas-1-224x300.webp 224w, https:\/\/lbm-editions.com\/wp-content\/uploads\/Nicolas-1-768x1028.webp 768w, https:\/\/lbm-editions.com\/wp-content\/uploads\/Nicolas-1.webp 1000w\" sizes=\"auto, (max-width: 765px) 100vw, 765px\" \/><\/figure>\n<\/div>\n\n\n\n<div class=\"wp-block-column is-layout-flow wp-block-column-is-layout-flow\" style=\"flex-basis:50%\">\n<div class=\"wp-block-group is-horizontal is-layout-flex wp-block-group-is-layout-flex\">\n<p>Nicolas Jeantet est un auteur passionn\u00e9 de <strong><em>Godzilla<\/em><\/strong>, mais aussi un grand amoureux du fantastique avec une pr\u00e9f\u00e9rence pour celui venu du Japon.<\/p>\n\n\n\n<p>Depuis plusieurs ann\u00e9es, il participe \u00e0 de nombreuses publications sur ces th\u00e8mes (fanzine, livre, presse sp\u00e9cialis\u00e9e) et collabore avec des \u00e9diteurs comme <strong><em>Vestron<\/em><\/strong>, <strong><em>Black Box \u00c9ditions<\/em><\/strong>, <strong><em>Ynnis<\/em><\/strong> ou bien encore <strong><em>Ilatina<\/em><\/strong>.<\/p>\n\n\n\n<p>Apr\u00e8s plusieurs articles dans des publications de fans, puis un premier essai d\u00e9di\u00e9 \u00e0 la s\u00e9rie <strong><em>Bioman<\/em><\/strong> publi\u00e9 en 2017 (La Bio-Bible), il offre aux amateurs de kaiju-eiga l\u2019ouvrage <strong><em>Godzilla, \u00e8re Showa<\/em><\/strong>\u2009en 2019, consacr\u00e9 aux quinze premiers films de la saga.<\/p>\n\n\n\n<p>Il poursuit avec <strong><em>Godzilla, \u00e8re Heisei tome 2<\/em><\/strong> en 2023, la suite du premier livre consacr\u00e9 \u00e0 cette ic\u00f4ne du cin\u00e9ma fantastique.<\/p>\n<\/div>\n<\/div>\n<\/div>\n","protected":false},"excerpt":{"rendered":"<p>Nicolas Jeantet est un auteur passionn\u00e9 de Godzilla, mais aussi un grand amoureux du fantastique avec une pr\u00e9f\u00e9rence pour celui venu du Japon. Depuis plusieurs ann\u00e9es, il participe \u00e0 de nombreuses publications sur ces th\u00e8mes (fanzine, livre, presse sp\u00e9cialis\u00e9e) et collabore avec des \u00e9diteurs comme Vestron, Black Box \u00c9ditions, Ynnis ou bien encore Ilatina. Apr\u00e8s [&hellip;]<\/p>\n","protected":false},"author":1,"featured_media":0,"parent":0,"menu_order":0,"comment_status":"closed","ping_status":"closed","template":"","meta":{"footnotes":""},"class_list":["post-95","page","type-page","status-publish","hentry"],"_links":{"self":[{"href":"https:\/\/lbm-editions.com\/index.php?rest_route=\/wp\/v2\/pages\/95","targetHints":{"allow":["GET"]}}],"collection":[{"href":"https:\/\/lbm-editions.com\/index.php?rest_route=\/wp\/v2\/pages"}],"about":[{"href":"https:\/\/lbm-editions.com\/index.php?rest_route=\/wp\/v2\/types\/page"}],"author":[{"embeddable":true,"href":"https:\/\/lbm-editions.com\/index.php?rest_route=\/wp\/v2\/users\/1"}],"replies":[{"embeddable":true,"href":"https:\/\/lbm-editions.com\/index.php?rest_route=%2Fwp%2Fv2%2Fcomments&post=95"}],"version-history":[{"count":1,"href":"https:\/\/lbm-editions.com\/index.php?rest_route=\/wp\/v2\/pages\/95\/revisions"}],"predecessor-version":[{"id":98,"href":"https:\/\/lbm-editions.com\/index.php?rest_route=\/wp\/v2\/pages\/95\/revisions\/98"}],"wp:attachment":[{"href":"https:\/\/lbm-editions.com\/index.php?rest_route=%2Fwp%2Fv2%2Fmedia&parent=95"}],"curies":[{"name":"wp","href":"https:\/\/api.w.org\/{rel}","templated":true}]}}